{"id":1345,"date":"2020-08-26T09:43:33","date_gmt":"2020-08-26T07:43:33","guid":{"rendered":"http:\/\/lernbar.fk13.tu-dortmund.de\/?page_id=1345"},"modified":"2021-07-05T10:42:18","modified_gmt":"2021-07-05T08:42:18","slug":"barrierefreiheit","status":"publish","type":"page","link":"https:\/\/lernbar.fk13.tu-dortmund.de\/index.php\/barrierefreiheit\/","title":{"rendered":"Barrierefreiheit"},"content":{"rendered":"\t\t<div data-elementor-type=\"wp-page\" data-elementor-id=\"1345\" class=\"elementor elementor-1345\">\n\t\t\t\t\t\t<section class=\"elementor-section elementor-top-section elementor-element elementor-element-31e9a60 elementor-section-boxed elementor-section-height-default elementor-section-height-default\" data-id=\"31e9a60\" data-element_type=\"section\" data-e-type=\"section\">\n\t\t\t\t\t\t<div class=\"elementor-container elementor-column-gap-default\">\n\t\t\t\t\t<div class=\"elementor-column elementor-col-100 elementor-top-column elementor-element elementor-element-ba192e7\" data-id=\"ba192e7\" data-element_type=\"column\" data-e-type=\"column\">\n\t\t\t<div class=\"elementor-widget-wrap elementor-element-populated\">\n\t\t\t\t\t\t<div class=\"elementor-element elementor-element-9bbcaa2 elementor-widget elementor-widget-text-editor\" data-id=\"9bbcaa2\" data-element_type=\"widget\" data-e-type=\"widget\" data-widget_type=\"text-editor.default\">\n\t\t\t\t<div class=\"elementor-widget-container\">\n\t\t\t\t\t\t\t\t\t<span style=\"color: #000000;\">Das Projekt LernBAR hat den Anspruch, seine Webseite und mobilen An\u00adwen\u00addungen entsprechend der EU-Richtlinie 2016\/2102 barrierefrei zug\u00e4nglich zu machen. Die folgende Erkl\u00e4rung zur <span class=\"term\">Bar\u00adri\u00ade\u00adre\u00adfrei\u00adheit<\/span> dokumentiert den Umsetzungsstand f\u00fcr den <span lang=\"en\">Web<\/span>auftritt https:\/\/lernbar.fk13.tu-dortmund.de gem\u00e4\u00df der\u00a0<span style=\"color: #137091;\"><a style=\"color: #137091;\" href=\"https:\/\/recht.nrw.de\/lmi\/owa\/br_text_anzeigen?v_id=10000000000000000724\">Verordnung zur Schaffung barrierefreier\u00a0In\u00adfor\u00adma\u00adti\u00adons\u00adtech\u00adnik\u00a0nach dem Behindertengleichstellungsgesetz Nordrhein-Westfalen<\/a>.<\/span><\/span>\t\t\t\t\t\t\t\t<\/div>\n\t\t\t\t<\/div>\n\t\t\t\t\t<\/div>\n\t\t<\/div>\n\t\t\t\t\t<\/div>\n\t\t<\/section>\n\t\t\t\t<section class=\"elementor-section elementor-top-section elementor-element elementor-element-aebbf3b elementor-section-boxed elementor-section-height-default elementor-section-height-default\" data-id=\"aebbf3b\" data-element_type=\"section\" data-e-type=\"section\">\n\t\t\t\t\t\t<div class=\"elementor-container elementor-column-gap-default\">\n\t\t\t\t\t<div class=\"elementor-column elementor-col-50 elementor-top-column elementor-element elementor-element-bb762a8\" data-id=\"bb762a8\" data-element_type=\"column\" data-e-type=\"column\">\n\t\t\t<div class=\"elementor-widget-wrap elementor-element-populated\">\n\t\t\t\t\t\t<div class=\"elementor-element elementor-element-52a1b76 elementor-widget elementor-widget-text-editor\" data-id=\"52a1b76\" data-element_type=\"widget\" data-e-type=\"widget\" data-widget_type=\"text-editor.default\">\n\t\t\t\t<div class=\"elementor-widget-container\">\n\t\t\t\t\t\t\t\t\t<h2><span style=\"color: #000000;\">Stand der Vereinbarkeit mit den Anforderungen<\/span><\/h2><p><span style=\"color: #000000;\">Die Webseite ist mit der EU-Richtlinie 2016\/2102 teilweise konform.<br \/><\/span><span style=\"color: #000000;\">Methodik der Pr\u00fcfung: Automatisierte Tests (W3C conformance checks, WAI WAVE), Selbstbewertung BITV 2.0<\/span><\/p><h2><span style=\"color: #000000;\">Nicht barrierefreie Inhalte<\/span><\/h2><p><span style=\"color: #000000;\">Die nachstehend aufgef\u00fchrten Inhalte sind nicht barrierefrei:<\/span><\/p><p><span style=\"color: #000000;\">Einige Bereiche der Webseite weisen keine Alternativtexte f\u00fcr Grafiken und Objekte auf.<br \/><\/span><span style=\"color: #000000;\">F\u00fcr das auf der Webseite gezeigte Video gibt es keine Audiodeskription.<br \/><\/span><\/p><h4><span style=\"color: #000000;\">Gr\u00fcnde:<\/span><\/h4><p><span style=\"color: #000000;\">Der <span lang=\"en\">Web<\/span>-Auftritt des Projektes LernBAR wird laufend \u00fcberarbeitet sodass er die grundlegenden Normen und technischen Spezifikationen zuk\u00fcnftig erf\u00fcllt.\u00a0<\/span><\/p><p><span style=\"color: #000000; font-size: 14px;\">Erstellt am: 05.07.2018<\/span><\/p><p><span style=\"color: #000000;\">Zuletzt gepr\u00fcft am: 22.09.2020<\/span><\/p><p><span style=\"color: #000000;\">\u00a0<\/span><\/p>\t\t\t\t\t\t\t\t<\/div>\n\t\t\t\t<\/div>\n\t\t\t\t\t<\/div>\n\t\t<\/div>\n\t\t\t\t<div class=\"elementor-column elementor-col-50 elementor-top-column elementor-element elementor-element-58cbd49\" data-id=\"58cbd49\" data-element_type=\"column\" data-e-type=\"column\">\n\t\t\t<div class=\"elementor-widget-wrap elementor-element-populated\">\n\t\t\t\t\t\t<div class=\"elementor-element elementor-element-0751edb elementor-widget elementor-widget-text-editor\" data-id=\"0751edb\" data-element_type=\"widget\" data-e-type=\"widget\" data-widget_type=\"text-editor.default\">\n\t\t\t\t<div class=\"elementor-widget-container\">\n\t\t\t\t\t\t\t\t\t<h2><span style=\"color: #000000;\"><span lang=\"en\">Feedback und Kontakt<\/span><\/span><\/h2><p><span style=\"color: #000000;\">Sie k\u00f6nnen uns M\u00e4ngel bei der Einhaltung der\u00a0An\u00adfor\u00adder\u00adungen\u00a0an die\u00a0<span class=\"term\">Bar\u00adri\u00ade\u00adre\u00adfrei\u00adheit<\/span>\u00a0mitteilen und\u00a0In\u00adfor\u00adma\u00adti\u00adonen\u00a0zu Inhalten anfordern, die von der Richtlinie ausgenommen sind.<\/span><\/p><p><span style=\"font-family: Roboto; font-size: 14px; font-style: normal; font-variant-ligatures: normal; font-variant-caps: normal; font-weight: 400; color: #000000; letter-spacing: var( --e-global-typography-text-letter-spacing ); text-transform: var( --e-global-typography-text-text-transform );\">Wenn Sie Kontakt zum Projekt LernBAR aufnehmen m\u00f6chten, nutzen Sie bitte unser Kontakt-Formular oder rufen Sie uns an.<\/span><\/p><p><span style=\"color: #000000;\">Yvonne S\u00f6ffgen<br \/><\/span><span style=\"color: #000000;\">Emil-Figge-Str. 73<\/span><br \/><span style=\"color: #000000;\">44227 Dortmund\u00a0<\/span><br \/><span style=\"color: #000000;\">Telefon: (0231) 755-6577<\/span><\/p>\t\t\t\t\t\t\t\t<\/div>\n\t\t\t\t<\/div>\n\t\t\t\t\t<\/div>\n\t\t<\/div>\n\t\t\t\t\t<\/div>\n\t\t<\/section>\n\t\t\t\t<\/div>\n\t\t","protected":false},"excerpt":{"rendered":"<p>Das Projekt LernBAR hat den Anspruch, seine Webseite und mobilen An\u00adwen\u00addungen entsprechend der EU-Richtlinie 2016\/2102 barrierefrei zug\u00e4nglich zu machen. Die folgende Erkl\u00e4rung zur Bar\u00adri\u00ade\u00adre\u00adfrei\u00adheit dokumentiert den Umsetzungsstand f\u00fcr den Webauftritt https:\/\/lernbar.fk13.tu-dortmund.de gem\u00e4\u00df der\u00a0Verordnung zur Schaffung barrierefreier\u00a0In\u00adfor\u00adma\u00adti\u00adons\u00adtech\u00adnik\u00a0nach dem Behindertengleichstellungsgesetz Nordrhein-Westfalen. Stand der Vereinbarkeit mit den Anforderungen Die Webseite ist mit der EU-Richtlinie 2016\/2102 teilweise konform.Methodik der [&hellip;]<\/p>\n","protected":false},"author":5,"featured_media":0,"parent":0,"menu_order":0,"comment_status":"closed","ping_status":"closed","template":"","meta":{"ocean_post_layout":"","ocean_both_sidebars_style":"","ocean_both_sidebars_content_width":0,"ocean_both_sidebars_sidebars_width":0,"ocean_sidebar":"0","ocean_second_sidebar":"0","ocean_disable_margins":"enable","ocean_add_body_class":"","ocean_shortcode_before_top_bar":"","ocean_shortcode_after_top_bar":"","ocean_shortcode_before_header":"","ocean_shortcode_after_header":"","ocean_has_shortcode":"","ocean_shortcode_after_title":"","ocean_shortcode_before_footer_widgets":"","ocean_shortcode_after_footer_widgets":"","ocean_shortcode_before_footer_bottom":"","ocean_shortcode_after_footer_bottom":"","ocean_display_top_bar":"default","ocean_display_header":"default","ocean_header_style":"","ocean_center_header_left_menu":"0","ocean_custom_header_template":"776","ocean_custom_logo":0,"ocean_custom_retina_logo":0,"ocean_custom_logo_max_width":0,"ocean_custom_logo_tablet_max_width":0,"ocean_custom_logo_mobile_max_width":0,"ocean_custom_logo_max_height":0,"ocean_custom_logo_tablet_max_height":0,"ocean_custom_logo_mobile_max_height":0,"ocean_header_custom_menu":"0","ocean_menu_typo_font_family":"0","ocean_menu_typo_font_subset":"","ocean_menu_typo_font_size":0,"ocean_menu_typo_font_size_tablet":0,"ocean_menu_typo_font_size_mobile":0,"ocean_menu_typo_font_size_unit":"px","ocean_menu_typo_font_weight":"","ocean_menu_typo_font_weight_tablet":"","ocean_menu_typo_font_weight_mobile":"","ocean_menu_typo_transform":"","ocean_menu_typo_transform_tablet":"","ocean_menu_typo_transform_mobile":"","ocean_menu_typo_line_height":0,"ocean_menu_typo_line_height_tablet":0,"ocean_menu_typo_line_height_mobile":0,"ocean_menu_typo_line_height_unit":"","ocean_menu_typo_spacing":0,"ocean_menu_typo_spacing_tablet":0,"ocean_menu_typo_spacing_mobile":0,"ocean_menu_typo_spacing_unit":"","ocean_menu_link_color":"","ocean_menu_link_color_hover":"","ocean_menu_link_color_active":"","ocean_menu_link_background":"","ocean_menu_link_hover_background":"","ocean_menu_link_active_background":"","ocean_menu_social_links_bg":"","ocean_menu_social_hover_links_bg":"","ocean_menu_social_links_color":"","ocean_menu_social_hover_links_color":"","ocean_disable_title":"default","ocean_disable_heading":"default","ocean_post_title":"","ocean_post_subheading":"","ocean_post_title_style":"background-image","ocean_post_title_background_color":"","ocean_post_title_background":22,"ocean_post_title_bg_image_position":"","ocean_post_title_bg_image_attachment":"","ocean_post_title_bg_image_repeat":"","ocean_post_title_bg_image_size":"cover","ocean_post_title_height":0,"ocean_post_title_bg_overlay":0.5,"ocean_post_title_bg_overlay_color":"","ocean_disable_breadcrumbs":"default","ocean_breadcrumbs_color":"","ocean_breadcrumbs_separator_color":"","ocean_breadcrumbs_links_color":"","ocean_breadcrumbs_links_hover_color":"","ocean_display_footer_widgets":"default","ocean_display_footer_bottom":"default","ocean_custom_footer_template":"0","footnotes":""},"class_list":["post-1345","page","type-page","status-publish","hentry","entry"],"_links":{"self":[{"href":"https:\/\/lernbar.fk13.tu-dortmund.de\/index.php\/wp-json\/wp\/v2\/pages\/1345","targetHints":{"allow":["GET"]}}],"collection":[{"href":"https:\/\/lernbar.fk13.tu-dortmund.de\/index.php\/wp-json\/wp\/v2\/pages"}],"about":[{"href":"https:\/\/lernbar.fk13.tu-dortmund.de\/index.php\/wp-json\/wp\/v2\/types\/page"}],"author":[{"embeddable":true,"href":"https:\/\/lernbar.fk13.tu-dortmund.de\/index.php\/wp-json\/wp\/v2\/users\/5"}],"replies":[{"embeddable":true,"href":"https:\/\/lernbar.fk13.tu-dortmund.de\/index.php\/wp-json\/wp\/v2\/comments?post=1345"}],"version-history":[{"count":22,"href":"https:\/\/lernbar.fk13.tu-dortmund.de\/index.php\/wp-json\/wp\/v2\/pages\/1345\/revisions"}],"predecessor-version":[{"id":2146,"href":"https:\/\/lernbar.fk13.tu-dortmund.de\/index.php\/wp-json\/wp\/v2\/pages\/1345\/revisions\/2146"}],"wp:attachment":[{"href":"https:\/\/lernbar.fk13.tu-dortmund.de\/index.php\/wp-json\/wp\/v2\/media?parent=1345"}],"curies":[{"name":"wp","href":"https:\/\/api.w.org\/{rel}","templated":true}]}}