{"id":159,"date":"2018-07-31T13:58:40","date_gmt":"2018-07-31T11:58:40","guid":{"rendered":"http:\/\/lernbar.fk13.tu-dortmund.de\/?page_id=159"},"modified":"2020-10-15T10:46:17","modified_gmt":"2020-10-15T08:46:17","slug":"datenschutz","status":"publish","type":"page","link":"https:\/\/lernbar.fk13.tu-dortmund.de\/index.php\/datenschutz\/","title":{"rendered":"Datenschutz"},"content":{"rendered":"\t\t<div data-elementor-type=\"wp-post\" data-elementor-id=\"159\" class=\"elementor elementor-159\">\n\t\t\t\t\t\t<section class=\"elementor-section elementor-top-section elementor-element elementor-element-18310910 elementor-section-boxed elementor-section-height-default elementor-section-height-default\" data-id=\"18310910\" data-element_type=\"section\" data-e-type=\"section\">\n\t\t\t\t\t\t<div class=\"elementor-container elementor-column-gap-default\">\n\t\t\t\t\t<div class=\"elementor-column elementor-col-100 elementor-top-column elementor-element elementor-element-beb23ea\" data-id=\"beb23ea\" data-element_type=\"column\" data-e-type=\"column\">\n\t\t\t<div class=\"elementor-widget-wrap elementor-element-populated\">\n\t\t\t\t\t\t<div class=\"elementor-element elementor-element-10357585 elementor-widget elementor-widget-text-editor\" data-id=\"10357585\" data-element_type=\"widget\" data-e-type=\"widget\" data-widget_type=\"text-editor.default\">\n\t\t\t\t<div class=\"elementor-widget-container\">\n\t\t\t\t\t\t\t\t\t<div class=\"region region-content\">\n<div id=\"block-system-main\" class=\"block block-system\">\n<div class=\"content\">\n<div class=\"content\">\n<div class=\"field field-name-body field-type-text-with-summary field-label-hidden\">\n<div class=\"field-items\">\n<div class=\"field-item even\">\n<h2><b>Allgemeine Vorbemerkungen<\/b><\/h2>\nDiese Webseite entstand im Rahmen des Projektes LernBAR der TU Dortmund. Die Betreiber dieser Webseite nehmen den Schutz von personenbezogenen Daten sehr ernst. Wir verarbeiten personenbezogene Daten, die beim Besuch unserer Webseiten erhoben werden, unter Beachtung der geltenden datenschutzrechtlichen Bestimmungen. Es gelten insbesondere das Datenschutzgesetz NRW (DSG NRW), die Datenschutzgrundverordnung (DSGVO) und das Telemediengesetz.\nKontaktdaten des Datenschutzbeauftragten\nDer Datenschutzbeauftragte des Verantwortlichen ist erreichbar unter:\n<a href=\"https:\/\/www.tu-dortmund.de\/fiona-doku\/de\/system\/%22mailto:datenschutzbeauftragter@tu-dortmund.de\">datenschutzbeauftragter@tu-dortmund.de<\/a>\n\nTU Dortmund\nDatenschutzbeauftragter\nAugust-Schmidt-Str. 4\n44227 Dortmund\nTelefon: 0231-755 2593\n<a class=\"email_link\" href=\"mailto:ralf.offele@tu-dortmund.de\">E-Mail senden<\/a>\n<h3><b>I &#8211; Umfang der Verarbeitung personenbezogener Daten<\/b><\/h3>\nWir verarbeiten personenbezogene Daten unserer Nutzer grunds\u00e4tzlich nur, soweit dies zur Bereitstellung einer funktionsf\u00e4higen Webseite sowie unserer Inhalte und Leistungen erforderlich ist. Die Verarbeitung personenbezogener Daten unserer Nutzer erfolgt regelm\u00e4\u00dfig nur nach Einwilligung des Nutzers. Eine Ausnahme gilt in solchen F\u00e4llen, in denen eine vorherige Einholung einer Einwilligung aus tats\u00e4chlichen Gr\u00fcnden nicht m\u00f6glich ist und die Verarbeitung der Daten durch gesetzliche Vorschriften gestattet ist.\n<h3><b>II &#8211; Datenl\u00f6schung und Speicherdauer<\/b><\/h3>\n<b> <\/b>Die personenbezogenen Daten der betroffenen Person werden gel\u00f6scht oder gesperrt, sobald der Zweck der Speicherung entf\u00e4llt. Eine Speicherung kann dar\u00fcber hinaus erfolgen, wenn dies durch den europ\u00e4ischen oder nationalen Gesetzgeber in unionsrechtlichen Verordnungen, Gesetzen oder sonstigen Vorschriften, denen der Verantwortliche unterliegt, vorgesehen wurde. Eine Sperrung oder L\u00f6schung der Daten erfolgt auch dann, wenn eine durch die genannten Normen vorgeschriebene Speicherfrist abl\u00e4uft, es sei denn, dass eine Erforderlichkeit zur weiteren Speicherung der Daten f\u00fcr einen Vertragsabschluss oder eine Vertragserf\u00fcllung besteht.\n<h3><b>III &#8211; Bereitstellung der Webseite und Erstellung von <span lang=\"en\">Logfiles<\/span><\/b><\/h3>\n<strong>1. Beschreibung und Umfang der Datenverarbeitung<\/strong>\nBei jedem Aufruf unserer Internetseite erfasst unser System automatisiert Daten und Informationen vom Computersystem des aufrufenden Rechners.\nFolgende Daten werden hierbei erhoben:\n<ul>\n \t<li>Informationen \u00fcber den <span lang=\"en\">Browser<\/span>typ und die verwendete Version<\/li>\n \t<li>Betriebssystem des Nutzers<\/li>\n \t<li><span lang=\"en\">IP<\/span>-Adresse des Nutzers<\/li>\n \t<li>Datum und Uhrzeit des Zugriffs<\/li>\n<\/ul>\nDie Daten werden ebenfalls in den <span lang=\"en\">Logfiles<\/span> unseres Systems gespeichert. Eine Speicherung dieser Daten zusammen mit anderen personenbezogenen Daten des Nutzers findet nicht statt.\n\n<strong>2. Zweck und Rechtsgrundlage f\u00fcr die Datenverarbeitung<\/strong>\nDie vor\u00fcbergehende Speicherung der <span lang=\"en\">IP<\/span>-Adresse durch das System ist notwendig, um eine Auslieferung der Webseite an den Rechner des Nutzers zu erm\u00f6glichen. Hierf\u00fcr muss die <span lang=\"en\">IP<\/span>-Adresse des Nutzers f\u00fcr die Dauer der Sitzung gespeichert bleiben. (Erforderlichkeit zur Erf\u00fcllung der Aufgabe der Hochschule Art. 6 Abs. 1 lit. e DSGVO)\nDie Speicherung in <span lang=\"en\">Logfiles<\/span> erfolgt, um die Funktionsf\u00e4higkeit der Webseite sicherzustellen. Zudem dienen uns die Daten zur Optimierung der Webseite und zur Sicherstellung der Sicherheit unserer informationstechnischen Systeme. Eine Auswertung der Daten zu Marketingzwecken findet in diesem Zusammenhang nicht statt. \u00a0(Erforderlichkeit zur Erf\u00fcllung der Aufgabe der Hochschule Art. 6 Abs. 1 lit. e DSGVO)\n\n<strong>3. Dauer der Speicherung<\/strong>\nDie Verarbeitung findet w\u00e4hrend der Nutzung bis zum Ende der jeweiligen Sitzung statt.\nIm Falle der Speicherung der Daten in <span lang=\"en\">Logfiles<\/span> ist dies nach sp\u00e4testens 24 Stunden der Fall. Danach sind die <span lang=\"en\">IP<\/span>-Adressen der Nutzeranonymisiert, sodass eine Zuordnung des aufrufenden <span lang=\"en\">Clients<\/span> nicht mehr m\u00f6glich ist.\n<h3><b>IV &#8211; Rechte der betroffenen Person<\/b><\/h3>\nWerden personenbezogene Daten von Ihnen verarbeitet, sind Sie betroffene Person i.S.d. DSGVO und es stehen Ihnen folgende Rechte gegen\u00fcber dem Verantwortlichen zu:\nWenn sie ihre Rechte in Anspruch nehmen wollen, wenden Sie sich bitte an den Datenschutzbeauftragten der TU Dortmund.\n\n<strong>1. Auskunft (Art 15 DSGVO)<\/strong>\nSie haben das Recht auf Auskunft \u00fcber Sie betreffende personenbezogene Daten, die erhoben, verarbeitet oder ggf. an Dritte \u00fcbermittelt werden.\n\n<strong>2. Widerspruch (Art. 21 DSGVO)<\/strong>\nSie haben das Recht gegen die Verarbeitung Ihrer personenbezogenen Daten Widerspruch einzulegen, soweit die Verarbeitung auf der Grundlage von Art. 6 (1) e oder f DSGVO erfolgt.\n\n<strong>3. L\u00f6schung (Art 17 DSGVO)<\/strong>\nInsbesondere nach Ablauf der gesetzlich vorgeschriebenen Aufbewahrungsfristen haben Sie ein Recht auf L\u00f6schung Ihrer Daten.\n\n<strong>4. Einschr\u00e4nkung der Verarbeitung (Art 18 DSGVO)<\/strong>\nIn besonderen F\u00e4llen haben Sie das Recht auf Einschr\u00e4nkung der Verarbeitung. Dies ist dann der Fall, wenn die Datenverarbeitung unrechtm\u00e4\u00dfig sein sollte, Sie die Richtigkeit der erhobenen Daten bestreiten oder ein Widerspruch gegen die Verarbeitung eingelegt haben. Ebenso k\u00f6nnen Sie eine Einschr\u00e4nkung der Verarbeitung verlangen, wenn die Daten aufgrund der Zweckerreichung einer L\u00f6schpflicht unterliegen, Sie sie jedoch zur Geltendmachung von rechtlichen Anspr\u00fcchen ben\u00f6tigen. Eine Einschr\u00e4nkung der Verarbeitung m\u00fcssen Sie beantragen.\n\n<strong>5. Berichtigung (Art 16 DSGVO)<\/strong>\nSie haben das Recht auf Berichtigung unrichtiger personenbezogener Daten.\n\n<strong>6. Recht auf Widerruf der datenschutzrechtlichen Einwilligungserkl\u00e4rung (Art 7 DSGVO)<\/strong>\nSie haben das Recht, Ihre datenschutzrechtliche Einwilligungserkl\u00e4rung jederzeit zu widerrufen. Durch den Widerruf der Einwilligung wird die Rechtm\u00e4\u00dfigkeit der aufgrund der Einwilligung bis zum Widerruf erfolgten Verarbeitung nicht ber\u00fchrt.\n\n<strong>7. Recht auf Beschwerde bei einer Aufsichtsbeh\u00f6rde<\/strong>\nSie k\u00f6nnen sich jederzeit mit allen Fragen zum Datenschutz und um sich zu beschweren an eine Datenschutzaufsichtsbeh\u00f6rde wenden. Zust\u00e4ndig ist in unserem Fall die Landesbeauftragte f\u00fcr Datenschutz und Informationsfreiheit in Nordrhein-Westfalen.\nBitte beachten Sie, dass diese Datenschutzerkl\u00e4rung nicht f\u00fcr alle Teile des Internetauftritts des Projektes LernBAR gilt.\n\n<\/div>\n<\/div>\n<\/div>\n<\/div>\n<\/div>\n<\/div>\n<\/div>\t\t\t\t\t\t\t\t<\/div>\n\t\t\t\t<\/div>\n\t\t\t\t\t<\/div>\n\t\t<\/div>\n\t\t\t\t\t<\/div>\n\t\t<\/section>\n\t\t\t\t<\/div>\n\t\t","protected":false},"excerpt":{"rendered":"<p>Allgemeine Vorbemerkungen Diese Webseite entstand im Rahmen des Projektes LernBAR der TU Dortmund. Die Betreiber dieser Webseite nehmen den Schutz von personenbezogenen Daten sehr ernst. Wir verarbeiten personenbezogene Daten, die beim Besuch unserer Webseiten erhoben werden, unter Beachtung der geltenden datenschutzrechtlichen Bestimmungen. Es gelten insbesondere das Datenschutzgesetz NRW (DSG NRW), die Datenschutzgrundverordnung (DSGVO) und das [&hellip;]<\/p>\n","protected":false},"author":4,"featured_media":0,"parent":0,"menu_order":0,"comment_status":"closed","ping_status":"closed","template":"","meta":{"ocean_post_layout":"","ocean_both_sidebars_style":"","ocean_both_sidebars_content_width":0,"ocean_both_sidebars_sidebars_width":0,"ocean_sidebar":"0","ocean_second_sidebar":"0","ocean_disable_margins":"enable","ocean_add_body_class":"","ocean_shortcode_before_top_bar":"","ocean_shortcode_after_top_bar":"","ocean_shortcode_before_header":"","ocean_shortcode_after_header":"","ocean_has_shortcode":"","ocean_shortcode_after_title":"","ocean_shortcode_before_footer_widgets":"","ocean_shortcode_after_footer_widgets":"","ocean_shortcode_before_footer_bottom":"","ocean_shortcode_after_footer_bottom":"","ocean_display_top_bar":"default","ocean_display_header":"default","ocean_header_style":"","ocean_center_header_left_menu":"0","ocean_custom_header_template":"0","ocean_custom_logo":0,"ocean_custom_retina_logo":0,"ocean_custom_logo_max_width":0,"ocean_custom_logo_tablet_max_width":0,"ocean_custom_logo_mobile_max_width":0,"ocean_custom_logo_max_height":0,"ocean_custom_logo_tablet_max_height":0,"ocean_custom_logo_mobile_max_height":0,"ocean_header_custom_menu":"0","ocean_menu_typo_font_family":"0","ocean_menu_typo_font_subset":"","ocean_menu_typo_font_size":0,"ocean_menu_typo_font_size_tablet":0,"ocean_menu_typo_font_size_mobile":0,"ocean_menu_typo_font_size_unit":"px","ocean_menu_typo_font_weight":"","ocean_menu_typo_font_weight_tablet":"","ocean_menu_typo_font_weight_mobile":"","ocean_menu_typo_transform":"","ocean_menu_typo_transform_tablet":"","ocean_menu_typo_transform_mobile":"","ocean_menu_typo_line_height":0,"ocean_menu_typo_line_height_tablet":0,"ocean_menu_typo_line_height_mobile":0,"ocean_menu_typo_line_height_unit":"","ocean_menu_typo_spacing":0,"ocean_menu_typo_spacing_tablet":0,"ocean_menu_typo_spacing_mobile":0,"ocean_menu_typo_spacing_unit":"","ocean_menu_link_color":"","ocean_menu_link_color_hover":"","ocean_menu_link_color_active":"","ocean_menu_link_background":"","ocean_menu_link_hover_background":"","ocean_menu_link_active_background":"","ocean_menu_social_links_bg":"","ocean_menu_social_hover_links_bg":"","ocean_menu_social_links_color":"","ocean_menu_social_hover_links_color":"","ocean_disable_title":"default","ocean_disable_heading":"default","ocean_post_title":"","ocean_post_subheading":"","ocean_post_title_style":"background-image","ocean_post_title_background_color":"","ocean_post_title_background":74,"ocean_post_title_bg_image_position":"","ocean_post_title_bg_image_attachment":"","ocean_post_title_bg_image_repeat":"","ocean_post_title_bg_image_size":"cover","ocean_post_title_height":0,"ocean_post_title_bg_overlay":0.5,"ocean_post_title_bg_overlay_color":"","ocean_disable_breadcrumbs":"default","ocean_breadcrumbs_color":"","ocean_breadcrumbs_separator_color":"","ocean_breadcrumbs_links_color":"","ocean_breadcrumbs_links_hover_color":"","ocean_display_footer_widgets":"default","ocean_display_footer_bottom":"default","ocean_custom_footer_template":"0","footnotes":""},"class_list":["post-159","page","type-page","status-publish","hentry","entry"],"_links":{"self":[{"href":"https:\/\/lernbar.fk13.tu-dortmund.de\/index.php\/wp-json\/wp\/v2\/pages\/159","targetHints":{"allow":["GET"]}}],"collection":[{"href":"https:\/\/lernbar.fk13.tu-dortmund.de\/index.php\/wp-json\/wp\/v2\/pages"}],"about":[{"href":"https:\/\/lernbar.fk13.tu-dortmund.de\/index.php\/wp-json\/wp\/v2\/types\/page"}],"author":[{"embeddable":true,"href":"https:\/\/lernbar.fk13.tu-dortmund.de\/index.php\/wp-json\/wp\/v2\/users\/4"}],"replies":[{"embeddable":true,"href":"https:\/\/lernbar.fk13.tu-dortmund.de\/index.php\/wp-json\/wp\/v2\/comments?post=159"}],"version-history":[{"count":11,"href":"https:\/\/lernbar.fk13.tu-dortmund.de\/index.php\/wp-json\/wp\/v2\/pages\/159\/revisions"}],"predecessor-version":[{"id":1457,"href":"https:\/\/lernbar.fk13.tu-dortmund.de\/index.php\/wp-json\/wp\/v2\/pages\/159\/revisions\/1457"}],"wp:attachment":[{"href":"https:\/\/lernbar.fk13.tu-dortmund.de\/index.php\/wp-json\/wp\/v2\/media?parent=159"}],"curies":[{"name":"wp","href":"https:\/\/api.w.org\/{rel}","templated":true}]}}